{"id":34093,"date":"2025-03-21T12:19:40","date_gmt":"2025-03-21T11:19:40","guid":{"rendered":"https:\/\/promatmedical.com\/bj\/produit\/pansement-antimicrobien-hydro-algine-avec-argent-3m-silvercel-5x5-cm\/"},"modified":"2025-03-21T12:19:40","modified_gmt":"2025-03-21T11:19:40","slug":"pansement-antimicrobien-hydro-algine-avec-argent-3m-silvercel-5x5-cm","status":"publish","type":"product","link":"https:\/\/promatmedical.com\/fr\/produit\/pansement-antimicrobien-hydro-algine-avec-argent-3m-silvercel-5x5-cm\/","title":{"rendered":"Pansement antimicrobien hydro-algin\u00e9 avec argent 3m silvercel 5&#215;5 cm"},"content":{"rendered":"<p>PANSEMENT HYDRO-ALGIN\u00c9 ANTIMICROBIEN \u00c0 L&#8217;ARGENT 3M\u2122 SILVERCEL\u2122<\/p>\n<p>Code 3M\u2122: CAD050I<br \/>\nSilvercel\u2122 5&#215;5 cm<br \/>\nCommande minimum: bo\u00eete de 25<\/p>\n<p>Le pansement 3M\u2122 Silvercel\u2122 est un tampon non tiss\u00e9 compos\u00e9 d\u2019alginate, de carboxym\u00e9thylcellulose (CMC) et de fibres de nylon recouvertes d\u2019argent, aidant \u00e0 maintenir un environnement humide pour la plaie. Gr\u00e2ce \u00e0 son excellente capacit\u00e9 d&#8217;absorption des fluides et \u00e0 son action antimicrobienne durable, ce pansement est id\u00e9al pour les blessures chroniques, avec un niveau d&#8217;exsudat de mod\u00e9r\u00e9 \u00e0 haut (pression, ulc\u00e8res veineuses et neuropathiques (diab\u00e9tiques); sites donneurs; blessures post-op\u00e9ratoires; l\u00e9sions dues \u00e0 traumatisme, etc.). L&#8217;effet antimicrobien est garanti par la lib\u00e9ration prolong\u00e9e d&#8217;ions d&#8217;argent, qui peut durer jusqu&#8217;\u00e0 7 jours. Ce pansement agit contre un large spectre de germes pathog\u00e8nes pour la plaie, notamment les Staphylococcus aureus et epidermidis r\u00e9sistants \u00e0 la m\u00e9thicilline et l\u2019Enterococcus r\u00e9sistant \u00e0 la vancomycine.<\/p>\n","protected":false},"excerpt":{"rendered":"<p>PANSEMENT HYDRO-ALGIN\u00c9 ANTIMICROBIEN \u00c0 L&#8217;ARGENT 3M\u2122 SILVERCEL\u2122 Code 3M\u2122: CAD050I Silvercel\u2122 5&#215;5 cm Commande minimum: bo\u00eete de 25 Le pansement 3M\u2122 Silvercel\u2122 est un tampon non tiss\u00e9 compos\u00e9 d\u2019alginate, de carboxym\u00e9thylcellulose (CMC) et de fibres de nylon recouvertes d\u2019argent, aidant \u00e0 maintenir un environnement humide pour la plaie. Gr\u00e2ce \u00e0 son excellente capacit\u00e9 d&#8217;absorption des [&hellip;]<\/p>\n","protected":false},"featured_media":18466,"comment_status":"open","ping_status":"closed","template":"","meta":[],"product_brand":[],"product_cat":[166],"product_tag":[],"class_list":{"0":"post-34093","1":"product","2":"type-product","3":"status-publish","4":"has-post-thumbnail","6":"product_cat-equipements-medicaux-et-chirurgicaux","8":"first","9":"instock","10":"taxable","11":"shipping-taxable","12":"purchasable","13":"product-type-simple"},"_links":{"self":[{"href":"https:\/\/promatmedical.com\/fr\/wp-json\/wp\/v2\/product\/34093","targetHints":{"allow":["GET"]}}],"collection":[{"href":"https:\/\/promatmedical.com\/fr\/wp-json\/wp\/v2\/product"}],"about":[{"href":"https:\/\/promatmedical.com\/fr\/wp-json\/wp\/v2\/types\/product"}],"replies":[{"embeddable":true,"href":"https:\/\/promatmedical.com\/fr\/wp-json\/wp\/v2\/comments?post=34093"}],"wp:featuredmedia":[{"embeddable":true,"href":"https:\/\/promatmedical.com\/fr\/wp-json\/wp\/v2\/media\/18466"}],"wp:attachment":[{"href":"https:\/\/promatmedical.com\/fr\/wp-json\/wp\/v2\/media?parent=34093"}],"wp:term":[{"taxonomy":"product_brand","embeddable":true,"href":"https:\/\/promatmedical.com\/fr\/wp-json\/wp\/v2\/product_brand?post=34093"},{"taxonomy":"product_cat","embeddable":true,"href":"https:\/\/promatmedical.com\/fr\/wp-json\/wp\/v2\/product_cat?post=34093"},{"taxonomy":"product_tag","embeddable":true,"href":"https:\/\/promatmedical.com\/fr\/wp-json\/wp\/v2\/product_tag?post=34093"}],"curies":[{"name":"wp","href":"https:\/\/api.w.org\/{rel}","templated":true}]}}