{"id":34111,"date":"2025-03-21T12:21:34","date_gmt":"2025-03-21T11:21:34","guid":{"rendered":"https:\/\/promatmedical.com\/bj\/produit\/scotchcast-3m-5-cm-x-365-m-vert\/"},"modified":"2025-03-21T12:21:34","modified_gmt":"2025-03-21T11:21:34","slug":"scotchcast-3m-5-cm-x-365-m-vert","status":"publish","type":"product","link":"https:\/\/promatmedical.com\/fr\/produit\/scotchcast-3m-5-cm-x-365-m-vert\/","title":{"rendered":"Scotchcast 3m 5 cm x 3,65 m &#8211; vert"},"content":{"rendered":"<p>BANDE DE MOULAGE 3M\u2122 Scotchcast\u2122 Plus<\/p>\n<p>\u2022 Code 3M: 82002<br \/>\n\u2022 Couleur: Vert<br \/>\n\u2022 Dimensions: 5 cm x 3,65 m<\/p>\n<p>Bandage d\u2019immobilisation l\u00e9ger, solide et durable combinant les avantages d\u2019une bande de moulage en fibre de verre et la maniabilit\u00e9 du pl\u00e2tre.<\/p>\n<p>&#8211; la r\u00e9sine activ\u00e9e par l\u2019eau permet le contr\u00f4le du temps de travail en fonction des besoins de l\u2019application<br \/>\n&#8211; la r\u00e9sistance \u00e9lev\u00e9e et le s\u00e9chage rapide permettent l\u2019appui de poids dans 20 minutes et garantissent un moulage durable avec moins de risques de rupture et moins de n\u00e9cessit\u00e9 de r\u00e9parations ou substitutions co\u00fbteuses<br \/>\n&#8211; poids r\u00e9duit pour faciliter la mobilit\u00e9<br \/>\n&#8211; s\u2019\u00e9tend et s\u2019adapte bien aux contours pour fournir un pl\u00e2tre plus agr\u00e9able et plus appropri\u00e9<br \/>\n&#8211; le tissu poreux permet \u00e0 la peau de respirer<\/p>\n","protected":false},"excerpt":{"rendered":"<p>BANDE DE MOULAGE 3M\u2122 Scotchcast\u2122 Plus \u2022 Code 3M: 82002 \u2022 Couleur: Vert \u2022 Dimensions: 5 cm x 3,65 m Bandage d\u2019immobilisation l\u00e9ger, solide et durable combinant les avantages d\u2019une bande de moulage en fibre de verre et la maniabilit\u00e9 du pl\u00e2tre. &#8211; la r\u00e9sine activ\u00e9e par l\u2019eau permet le contr\u00f4le du temps de travail [&hellip;]<\/p>\n","protected":false},"featured_media":34110,"comment_status":"open","ping_status":"closed","template":"","meta":[],"product_brand":[],"product_cat":[166],"product_tag":[],"class_list":{"0":"post-34111","1":"product","2":"type-product","3":"status-publish","4":"has-post-thumbnail","6":"product_cat-equipements-medicaux-et-chirurgicaux","8":"first","9":"instock","10":"taxable","11":"shipping-taxable","12":"purchasable","13":"product-type-simple"},"_links":{"self":[{"href":"https:\/\/promatmedical.com\/fr\/wp-json\/wp\/v2\/product\/34111","targetHints":{"allow":["GET"]}}],"collection":[{"href":"https:\/\/promatmedical.com\/fr\/wp-json\/wp\/v2\/product"}],"about":[{"href":"https:\/\/promatmedical.com\/fr\/wp-json\/wp\/v2\/types\/product"}],"replies":[{"embeddable":true,"href":"https:\/\/promatmedical.com\/fr\/wp-json\/wp\/v2\/comments?post=34111"}],"wp:featuredmedia":[{"embeddable":true,"href":"https:\/\/promatmedical.com\/fr\/wp-json\/wp\/v2\/media\/34110"}],"wp:attachment":[{"href":"https:\/\/promatmedical.com\/fr\/wp-json\/wp\/v2\/media?parent=34111"}],"wp:term":[{"taxonomy":"product_brand","embeddable":true,"href":"https:\/\/promatmedical.com\/fr\/wp-json\/wp\/v2\/product_brand?post=34111"},{"taxonomy":"product_cat","embeddable":true,"href":"https:\/\/promatmedical.com\/fr\/wp-json\/wp\/v2\/product_cat?post=34111"},{"taxonomy":"product_tag","embeddable":true,"href":"https:\/\/promatmedical.com\/fr\/wp-json\/wp\/v2\/product_tag?post=34111"}],"curies":[{"name":"wp","href":"https:\/\/api.w.org\/{rel}","templated":true}]}}