{"id":34153,"date":"2025-03-21T12:25:31","date_gmt":"2025-03-21T11:25:31","guid":{"rendered":"https:\/\/promatmedical.com\/bj\/produit\/stockinet-3m-25-cm-x-228-m\/"},"modified":"2025-03-21T12:25:31","modified_gmt":"2025-03-21T11:25:31","slug":"stockinet-3m-25-cm-x-228-m","status":"publish","type":"product","link":"https:\/\/promatmedical.com\/fr\/produit\/stockinet-3m-25-cm-x-228-m\/","title":{"rendered":"Stockinet 3m 2,5 cm x 22,8 m"},"content":{"rendered":"<p>TRICOT SYNTH\u00c9TIQUE 3M\u2122 STOCKINET\u2122<\/p>\n<p>\u2022 Code 3M: MS01<br \/>\n\u2022 STOCKINET\u2122 2,5 cm x 22,8 m<\/p>\n<p>Tricot tubulaire synth\u00e9tique de fibre de polyester, utilis\u00e9 comme protection de la peau du patient au-dessous des appareils pl\u00e2tr\u00e9s synth\u00e9tiques.<\/p>\n<p>Le produit n&#8217;est pas st\u00e9rile, mais il peut \u00eatre st\u00e9rilis\u00e9e \u00e0 la vapeur dans un autoclave.<br \/>\nHydrofuge et par cons\u00e9quent adapt\u00e9 pour l\u2019emploi avec soft cast comme pl\u00e2tre imperm\u00e9able.<br \/>\nadapt\u00e9 pour l\u2019emploi avec tous les mat\u00e9riaux d\u2019immobilisation, le pl\u00e2tre et les mat\u00e9riaux synth\u00e9tiques.<\/p>\n","protected":false},"excerpt":{"rendered":"<p>TRICOT SYNTH\u00c9TIQUE 3M\u2122 STOCKINET\u2122 \u2022 Code 3M: MS01 \u2022 STOCKINET\u2122 2,5 cm x 22,8 m Tricot tubulaire synth\u00e9tique de fibre de polyester, utilis\u00e9 comme protection de la peau du patient au-dessous des appareils pl\u00e2tr\u00e9s synth\u00e9tiques. Le produit n&#8217;est pas st\u00e9rile, mais il peut \u00eatre st\u00e9rilis\u00e9e \u00e0 la vapeur dans un autoclave. Hydrofuge et par cons\u00e9quent [&hellip;]<\/p>\n","protected":false},"featured_media":18466,"comment_status":"open","ping_status":"closed","template":"","meta":[],"product_brand":[],"product_cat":[166],"product_tag":[],"class_list":{"0":"post-34153","1":"product","2":"type-product","3":"status-publish","4":"has-post-thumbnail","6":"product_cat-equipements-medicaux-et-chirurgicaux","8":"first","9":"instock","10":"taxable","11":"shipping-taxable","12":"purchasable","13":"product-type-simple"},"_links":{"self":[{"href":"https:\/\/promatmedical.com\/fr\/wp-json\/wp\/v2\/product\/34153","targetHints":{"allow":["GET"]}}],"collection":[{"href":"https:\/\/promatmedical.com\/fr\/wp-json\/wp\/v2\/product"}],"about":[{"href":"https:\/\/promatmedical.com\/fr\/wp-json\/wp\/v2\/types\/product"}],"replies":[{"embeddable":true,"href":"https:\/\/promatmedical.com\/fr\/wp-json\/wp\/v2\/comments?post=34153"}],"wp:featuredmedia":[{"embeddable":true,"href":"https:\/\/promatmedical.com\/fr\/wp-json\/wp\/v2\/media\/18466"}],"wp:attachment":[{"href":"https:\/\/promatmedical.com\/fr\/wp-json\/wp\/v2\/media?parent=34153"}],"wp:term":[{"taxonomy":"product_brand","embeddable":true,"href":"https:\/\/promatmedical.com\/fr\/wp-json\/wp\/v2\/product_brand?post=34153"},{"taxonomy":"product_cat","embeddable":true,"href":"https:\/\/promatmedical.com\/fr\/wp-json\/wp\/v2\/product_cat?post=34153"},{"taxonomy":"product_tag","embeddable":true,"href":"https:\/\/promatmedical.com\/fr\/wp-json\/wp\/v2\/product_tag?post=34153"}],"curies":[{"name":"wp","href":"https:\/\/api.w.org\/{rel}","templated":true}]}}