{"id":34163,"date":"2025-03-21T12:26:55","date_gmt":"2025-03-21T11:26:55","guid":{"rendered":"https:\/\/promatmedical.com\/bj\/produit\/bande-de-protection-3m-10-cm-x-27-m\/"},"modified":"2025-03-21T12:26:55","modified_gmt":"2025-03-21T11:26:55","slug":"bande-de-protection-3m-10-cm-x-27-m","status":"publish","type":"product","link":"https:\/\/promatmedical.com\/fr\/produit\/bande-de-protection-3m-10-cm-x-27-m\/","title":{"rendered":"Bande de protection 3m 10 cm x 2,7 m"},"content":{"rendered":"<p>BANDE DE PROTECTION SYNTH\u00c9TIQUE 3M\u2122<\/p>\n<p>\u2022 Code 3M: MW04<br \/>\n\u2022 Dimensions: 10 cm x 2,7 m<\/p>\n<p>Bande de protection en polyester non tiss\u00e9, poreuse et hautement adaptable.<br \/>\nR\u00e9sistante, mais facile \u00e0 d\u00e9chirer.<\/p>\n<p>&#8211; bande de protection synth\u00e9tique pour pl\u00e2tre<br \/>\n&#8211; fabriqu\u00e9e en polyester non tiss\u00e9, poreuse et hautement adaptable<br \/>\n&#8211; facile \u00e0 d\u00e9chirer<br \/>\n&#8211; adapt\u00e9e pour l\u2019emploi avec tous les mat\u00e9riaux d\u2019immobilisation<\/p>\n","protected":false},"excerpt":{"rendered":"<p>BANDE DE PROTECTION SYNTH\u00c9TIQUE 3M\u2122 \u2022 Code 3M: MW04 \u2022 Dimensions: 10 cm x 2,7 m Bande de protection en polyester non tiss\u00e9, poreuse et hautement adaptable. R\u00e9sistante, mais facile \u00e0 d\u00e9chirer. &#8211; bande de protection synth\u00e9tique pour pl\u00e2tre &#8211; fabriqu\u00e9e en polyester non tiss\u00e9, poreuse et hautement adaptable &#8211; facile \u00e0 d\u00e9chirer &#8211; adapt\u00e9e [&hellip;]<\/p>\n","protected":false},"featured_media":34162,"comment_status":"open","ping_status":"closed","template":"","meta":[],"product_brand":[],"product_cat":[166],"product_tag":[],"class_list":{"0":"post-34163","1":"product","2":"type-product","3":"status-publish","4":"has-post-thumbnail","6":"product_cat-equipements-medicaux-et-chirurgicaux","8":"first","9":"instock","10":"taxable","11":"shipping-taxable","12":"purchasable","13":"product-type-simple"},"_links":{"self":[{"href":"https:\/\/promatmedical.com\/fr\/wp-json\/wp\/v2\/product\/34163","targetHints":{"allow":["GET"]}}],"collection":[{"href":"https:\/\/promatmedical.com\/fr\/wp-json\/wp\/v2\/product"}],"about":[{"href":"https:\/\/promatmedical.com\/fr\/wp-json\/wp\/v2\/types\/product"}],"replies":[{"embeddable":true,"href":"https:\/\/promatmedical.com\/fr\/wp-json\/wp\/v2\/comments?post=34163"}],"wp:featuredmedia":[{"embeddable":true,"href":"https:\/\/promatmedical.com\/fr\/wp-json\/wp\/v2\/media\/34162"}],"wp:attachment":[{"href":"https:\/\/promatmedical.com\/fr\/wp-json\/wp\/v2\/media?parent=34163"}],"wp:term":[{"taxonomy":"product_brand","embeddable":true,"href":"https:\/\/promatmedical.com\/fr\/wp-json\/wp\/v2\/product_brand?post=34163"},{"taxonomy":"product_cat","embeddable":true,"href":"https:\/\/promatmedical.com\/fr\/wp-json\/wp\/v2\/product_cat?post=34163"},{"taxonomy":"product_tag","embeddable":true,"href":"https:\/\/promatmedical.com\/fr\/wp-json\/wp\/v2\/product_tag?post=34163"}],"curies":[{"name":"wp","href":"https:\/\/api.w.org\/{rel}","templated":true}]}}