{"id":34185,"date":"2025-03-21T12:29:33","date_gmt":"2025-03-21T11:29:33","guid":{"rendered":"https:\/\/promatmedical.com\/bj\/produit\/pince-pour-extraction-inferieur-fig-22\/"},"modified":"2025-03-21T12:29:33","modified_gmt":"2025-03-21T11:29:33","slug":"pince-pour-extraction-inferieur-fig-22","status":"publish","type":"product","link":"https:\/\/promatmedical.com\/fr\/produit\/pince-pour-extraction-inferieur-fig-22\/","title":{"rendered":"Pince pour extraction &#8211; inf\u00e9rieur fig.22"},"content":{"rendered":"<p>Pince en acier inox pour extraction molaires &#8211; m\u00e2choire inf\u00e9rieur<\/p>\n<p>\u2022 Mod\u00e8le: FIG. 22<br \/>\n\u2022 Longueur: 15 cm<\/p>\n","protected":false},"excerpt":{"rendered":"<p>Pince en acier inox pour extraction molaires &#8211; m\u00e2choire inf\u00e9rieur \u2022 Mod\u00e8le: FIG. 22 \u2022 Longueur: 15 cm<\/p>\n","protected":false},"featured_media":34184,"comment_status":"open","ping_status":"closed","template":"","meta":[],"product_brand":[],"product_cat":[166],"product_tag":[],"class_list":{"0":"post-34185","1":"product","2":"type-product","3":"status-publish","4":"has-post-thumbnail","6":"product_cat-equipements-medicaux-et-chirurgicaux","8":"first","9":"instock","10":"taxable","11":"shipping-taxable","12":"purchasable","13":"product-type-simple"},"_links":{"self":[{"href":"https:\/\/promatmedical.com\/fr\/wp-json\/wp\/v2\/product\/34185","targetHints":{"allow":["GET"]}}],"collection":[{"href":"https:\/\/promatmedical.com\/fr\/wp-json\/wp\/v2\/product"}],"about":[{"href":"https:\/\/promatmedical.com\/fr\/wp-json\/wp\/v2\/types\/product"}],"replies":[{"embeddable":true,"href":"https:\/\/promatmedical.com\/fr\/wp-json\/wp\/v2\/comments?post=34185"}],"wp:featuredmedia":[{"embeddable":true,"href":"https:\/\/promatmedical.com\/fr\/wp-json\/wp\/v2\/media\/34184"}],"wp:attachment":[{"href":"https:\/\/promatmedical.com\/fr\/wp-json\/wp\/v2\/media?parent=34185"}],"wp:term":[{"taxonomy":"product_brand","embeddable":true,"href":"https:\/\/promatmedical.com\/fr\/wp-json\/wp\/v2\/product_brand?post=34185"},{"taxonomy":"product_cat","embeddable":true,"href":"https:\/\/promatmedical.com\/fr\/wp-json\/wp\/v2\/product_cat?post=34185"},{"taxonomy":"product_tag","embeddable":true,"href":"https:\/\/promatmedical.com\/fr\/wp-json\/wp\/v2\/product_tag?post=34185"}],"curies":[{"name":"wp","href":"https:\/\/api.w.org\/{rel}","templated":true}]}}