{"id":34425,"date":"2025-03-21T14:36:07","date_gmt":"2025-03-21T13:36:07","guid":{"rendered":"https:\/\/promatmedical.com\/bj\/produit\/sonde-spo2-veterinaire-cable-3-m-rechange-pour-80700\/"},"modified":"2025-11-09T12:39:13","modified_gmt":"2025-11-09T11:39:13","slug":"sonde-spo2-veterinaire-cable-3-m-rechange-pour-80700","status":"publish","type":"product","link":"https:\/\/promatmedical.com\/fr\/produit\/sonde-spo2-veterinaire-cable-3-m-rechange-pour-80700\/","title":{"rendered":"Sonde spo2 v\u00e9t\u00e9rinaire &#8211; c\u00e2ble 3 m &#8211; rechange pour 80700"},"content":{"rendered":"<p>Sonde SPO2 v\u00e9t\u00e9rinaire &#8211; c\u00e2ble 3 m &#8211; rechange<\/p>\n","protected":false},"excerpt":{"rendered":"<p>Sonde SPO2 v\u00e9t\u00e9rinaire &#8211; c\u00e2ble 3 m &#8211; rechange<\/p>\n","protected":false},"featured_media":18466,"comment_status":"open","ping_status":"closed","template":"","meta":[],"product_brand":[],"product_cat":[166],"product_tag":[],"class_list":{"0":"post-34425","1":"product","2":"type-product","3":"status-publish","4":"has-post-thumbnail","6":"product_cat-equipements-medicaux-et-chirurgicaux","8":"first","9":"instock","10":"taxable","11":"shipping-taxable","12":"purchasable","13":"product-type-simple"},"_links":{"self":[{"href":"https:\/\/promatmedical.com\/fr\/wp-json\/wp\/v2\/product\/34425","targetHints":{"allow":["GET"]}}],"collection":[{"href":"https:\/\/promatmedical.com\/fr\/wp-json\/wp\/v2\/product"}],"about":[{"href":"https:\/\/promatmedical.com\/fr\/wp-json\/wp\/v2\/types\/product"}],"replies":[{"embeddable":true,"href":"https:\/\/promatmedical.com\/fr\/wp-json\/wp\/v2\/comments?post=34425"}],"wp:featuredmedia":[{"embeddable":true,"href":"https:\/\/promatmedical.com\/fr\/wp-json\/wp\/v2\/media\/18466"}],"wp:attachment":[{"href":"https:\/\/promatmedical.com\/fr\/wp-json\/wp\/v2\/media?parent=34425"}],"wp:term":[{"taxonomy":"product_brand","embeddable":true,"href":"https:\/\/promatmedical.com\/fr\/wp-json\/wp\/v2\/product_brand?post=34425"},{"taxonomy":"product_cat","embeddable":true,"href":"https:\/\/promatmedical.com\/fr\/wp-json\/wp\/v2\/product_cat?post=34425"},{"taxonomy":"product_tag","embeddable":true,"href":"https:\/\/promatmedical.com\/fr\/wp-json\/wp\/v2\/product_tag?post=34425"}],"curies":[{"name":"wp","href":"https:\/\/api.w.org\/{rel}","templated":true}]}}