{"id":34437,"date":"2025-03-21T14:37:42","date_gmt":"2025-03-21T13:37:42","guid":{"rendered":"https:\/\/promatmedical.com\/bj\/produit\/diatermo-mb-160d-vet-mono-bipolaire-160-watt\/"},"modified":"2025-11-08T14:44:53","modified_gmt":"2025-11-08T13:44:53","slug":"diatermo-mb-160d-vet-mono-bipolaire-160-watt","status":"publish","type":"product","link":"https:\/\/promatmedical.com\/fr\/produit\/diatermo-mb-160d-vet-mono-bipolaire-160-watt\/","title":{"rendered":"Diatermo mb 160d vet &#8211; mono-bipolaire &#8211; 160 watt"},"content":{"rendered":"<p>DIATERMO MB 160D &#8211; mono-bipolaire &#8211; 160 W<\/p>\n<p>Les appareils MB-D sont des unit\u00e9s \u00e9lectrochirurgicales \u00e0 haute fr\u00e9quence pour petites et moyennes chirurgies.<br \/>\nLe MB permet une coupe pure, une coupe coagul\u00e9e mixte, une coagulation superficielle forc\u00e9e, une coagulation profonde en absence de n\u00e9croses et, avec des pinces, une coagulation bipolaire.<br \/>\nLa lecture num\u00e9rique de la puissance d\u00e9livr\u00e9e et le suivi de fonction op\u00e9rationnelle par microcontr\u00f4leur garantit une fiabilit\u00e9 absolue des conditions de travail.<br \/>\nLe MB permet une chirurgie professionnelle de haut niveau gr\u00e2ce \u00e0 son ergonomie et ses caract\u00e9ristiques de s\u00e9curit\u00e9.<br \/>\nLa connexion avec l\u2019\u00e9lectrode neutre est suivie en continu.<br \/>\nContr\u00f4le s\u00fbr du contact patient\/plaque par division de l\u2019\u00e9lectrode neutre.<br \/>\nPossibilit\u00e9 de contr\u00f4ler les fonctions de sortie et de d\u00e9livrer la puissance par la poign\u00e9e, permettant une op\u00e9ration de chirurgie sans d\u00e9tourner son attention du champ chirurgical.<\/p>\n<p>Caract\u00e9ristiques:<br \/>\n&#8211; chirurgie invasive minimale<br \/>\n&#8211; possibilit\u00e9 d\u2019utilisation de pinces bipolaires<br \/>\n&#8211; possibilit\u00e9 d\u2019utiliser des \u00e9lectrodes neutres divis\u00e9es<br \/>\n&#8211; m\u00e9morisation des derniers r\u00e9glages<br \/>\n&#8211; activation de puissance par poign\u00e9e et\/ou p\u00e9dale<br \/>\n&#8211; ajustement digital et indications de la puissance de sortie<br \/>\n&#8211; r\u00e9glage d\u2019intensit\u00e9 de l\u2019indicateur acoustique<\/p>\n<p>Made in Italy.<\/p>\n","protected":false},"excerpt":{"rendered":"<p>DIATERMO MB 160D &#8211; mono-bipolaire &#8211; 160 W Les appareils MB-D sont des unit\u00e9s \u00e9lectrochirurgicales \u00e0 haute fr\u00e9quence pour petites et moyennes chirurgies. Le MB permet une coupe pure, une coupe coagul\u00e9e mixte, une coagulation superficielle forc\u00e9e, une coagulation profonde en absence de n\u00e9croses et, avec des pinces, une coagulation bipolaire. La lecture num\u00e9rique de [&hellip;]<\/p>\n","protected":false},"featured_media":34436,"comment_status":"open","ping_status":"closed","template":"","meta":[],"product_brand":[],"product_cat":[166],"product_tag":[],"class_list":{"0":"post-34437","1":"product","2":"type-product","3":"status-publish","4":"has-post-thumbnail","6":"product_cat-equipements-medicaux-et-chirurgicaux","8":"first","9":"instock","10":"featured","11":"taxable","12":"shipping-taxable","13":"purchasable","14":"product-type-simple"},"_links":{"self":[{"href":"https:\/\/promatmedical.com\/fr\/wp-json\/wp\/v2\/product\/34437","targetHints":{"allow":["GET"]}}],"collection":[{"href":"https:\/\/promatmedical.com\/fr\/wp-json\/wp\/v2\/product"}],"about":[{"href":"https:\/\/promatmedical.com\/fr\/wp-json\/wp\/v2\/types\/product"}],"replies":[{"embeddable":true,"href":"https:\/\/promatmedical.com\/fr\/wp-json\/wp\/v2\/comments?post=34437"}],"wp:featuredmedia":[{"embeddable":true,"href":"https:\/\/promatmedical.com\/fr\/wp-json\/wp\/v2\/media\/34436"}],"wp:attachment":[{"href":"https:\/\/promatmedical.com\/fr\/wp-json\/wp\/v2\/media?parent=34437"}],"wp:term":[{"taxonomy":"product_brand","embeddable":true,"href":"https:\/\/promatmedical.com\/fr\/wp-json\/wp\/v2\/product_brand?post=34437"},{"taxonomy":"product_cat","embeddable":true,"href":"https:\/\/promatmedical.com\/fr\/wp-json\/wp\/v2\/product_cat?post=34437"},{"taxonomy":"product_tag","embeddable":true,"href":"https:\/\/promatmedical.com\/fr\/wp-json\/wp\/v2\/product_tag?post=34437"}],"curies":[{"name":"wp","href":"https:\/\/api.w.org\/{rel}","templated":true}]}}