{"id":34439,"date":"2025-03-21T14:38:07","date_gmt":"2025-03-21T13:38:07","guid":{"rendered":"https:\/\/promatmedical.com\/bj\/produit\/magnetotherapie-veterinaire-kora-kit-de-base\/"},"modified":"2025-11-09T12:39:50","modified_gmt":"2025-11-09T11:39:50","slug":"magnetotherapie-veterinaire-kora-kit-de-base","status":"publish","type":"product","link":"https:\/\/promatmedical.com\/fr\/produit\/magnetotherapie-veterinaire-kora-kit-de-base\/","title":{"rendered":"Magn\u00e9toth\u00e9rapie v\u00e9t\u00e9rinaire kora &#8211; kit de base"},"content":{"rendered":"<p>KIT DE BASE MAGN\u00c9TOTH\u00c9RAPIE V\u00c9T\u00c9RINAIRE KORA<\/p>\n<p>Dispositif v\u00e9t\u00e9rinaire pour th\u00e9rapie par champs \u00e9lectromagn\u00e9tiques puls\u00e9s (CEMP).<br \/>\nId\u00e9al pour r\u00e9duire douleur et inflammation chez les animaux domestiques.<br \/>\nCon\u00e7u pour le traitement des neuropathies, des ulc\u00e8res et des maladies du syst\u00e8me musculo-squelettique des chats et des chiens de toute taille.<br \/>\nDes programmes faciles \u00e0 utiliser garantissent une th\u00e9rapie s\u00fbre et efficace pour les animaux domestiques.<br \/>\nPour les animaux de petite et moyenne taille, il est recommand\u00e9 d\u2019utiliser un seul matelas Kora Mat; dans le cas d\u2019animaux de grande et moyenne taille, il est pr\u00e9f\u00e9rable d\u2019associer 2 matelas moyennant velcro et de les connecter \u00e0 un seul dispositif.<\/p>\n<p>18 PROGRAMMES:<br \/>\nAnalg\u00e9sie<br \/>\nNerf sciatique<br \/>\nArthrite<br \/>\nNeuropathie<br \/>\nArthrose<br \/>\nProth\u00e8ses<br \/>\nAtrophie musculaire<br \/>\nOst\u00e9on\u00e9crose<br \/>\nDiscopathie<br \/>\nOst\u00e9oporose<br \/>\nFractures<br \/>\nCicatrisation<br \/>\nL\u00e9sion ligamentaire<br \/>\nL\u00e9sion tendineuse<br \/>\nTraitement 1 Hz<br \/>\nTraitement 18 Hz<br \/>\nTraitement 50 Hz<br \/>\nTraitement 75 Hz<\/p>\n","protected":false},"excerpt":{"rendered":"<p>KIT DE BASE MAGN\u00c9TOTH\u00c9RAPIE V\u00c9T\u00c9RINAIRE KORA Dispositif v\u00e9t\u00e9rinaire pour th\u00e9rapie par champs \u00e9lectromagn\u00e9tiques puls\u00e9s (CEMP). Id\u00e9al pour r\u00e9duire douleur et inflammation chez les animaux domestiques. Con\u00e7u pour le traitement des neuropathies, des ulc\u00e8res et des maladies du syst\u00e8me musculo-squelettique des chats et des chiens de toute taille. Des programmes faciles \u00e0 utiliser garantissent une th\u00e9rapie [&hellip;]<\/p>\n","protected":false},"featured_media":34438,"comment_status":"open","ping_status":"closed","template":"","meta":[],"product_brand":[],"product_cat":[166],"product_tag":[],"class_list":{"0":"post-34439","1":"product","2":"type-product","3":"status-publish","4":"has-post-thumbnail","6":"product_cat-equipements-medicaux-et-chirurgicaux","8":"first","9":"instock","10":"featured","11":"taxable","12":"shipping-taxable","13":"purchasable","14":"product-type-simple"},"_links":{"self":[{"href":"https:\/\/promatmedical.com\/fr\/wp-json\/wp\/v2\/product\/34439","targetHints":{"allow":["GET"]}}],"collection":[{"href":"https:\/\/promatmedical.com\/fr\/wp-json\/wp\/v2\/product"}],"about":[{"href":"https:\/\/promatmedical.com\/fr\/wp-json\/wp\/v2\/types\/product"}],"replies":[{"embeddable":true,"href":"https:\/\/promatmedical.com\/fr\/wp-json\/wp\/v2\/comments?post=34439"}],"wp:featuredmedia":[{"embeddable":true,"href":"https:\/\/promatmedical.com\/fr\/wp-json\/wp\/v2\/media\/34438"}],"wp:attachment":[{"href":"https:\/\/promatmedical.com\/fr\/wp-json\/wp\/v2\/media?parent=34439"}],"wp:term":[{"taxonomy":"product_brand","embeddable":true,"href":"https:\/\/promatmedical.com\/fr\/wp-json\/wp\/v2\/product_brand?post=34439"},{"taxonomy":"product_cat","embeddable":true,"href":"https:\/\/promatmedical.com\/fr\/wp-json\/wp\/v2\/product_cat?post=34439"},{"taxonomy":"product_tag","embeddable":true,"href":"https:\/\/promatmedical.com\/fr\/wp-json\/wp\/v2\/product_tag?post=34439"}],"curies":[{"name":"wp","href":"https:\/\/api.w.org\/{rel}","templated":true}]}}