{"id":34443,"date":"2025-03-21T14:38:44","date_gmt":"2025-03-21T13:38:44","guid":{"rendered":"https:\/\/promatmedical.com\/bj\/produit\/oxymetre-de-pouls-veterinaire-oxy-50-avec-logiciel\/"},"modified":"2025-11-09T12:45:01","modified_gmt":"2025-11-09T11:45:01","slug":"oxymetre-de-pouls-veterinaire-oxy-50-avec-logiciel","status":"publish","type":"product","link":"https:\/\/promatmedical.com\/fr\/produit\/oxymetre-de-pouls-veterinaire-oxy-50-avec-logiciel\/","title":{"rendered":"Oxym\u00e8tre de pouls v\u00e9t\u00e9rinaire oxy-50 avec logiciel"},"content":{"rendered":"<p>OXYM\u00c8TRE DE POULS V\u00c9T\u00c9RINAIRE OXY-50 &#8211; avec logiciel<\/p>\n<p>Oxym\u00e8tre de pouls v\u00e9t\u00e9rinaire de poche avec \u00e9cran couleur pour examen de routine ou surveillance continue.<\/p>\n<p>&#8211; \u00e9cran: TFT couleur 1,77&#8243;<br \/>\n&#8211; r\u00e9solution: 160&#215;128<br \/>\n&#8211; affichage de la forme d\u2019onde du pouls<br \/>\n&#8211; alarme sonore, tonalit\u00e9 du pouls<br \/>\n&#8211; enregistrement de donn\u00e9es jusqu\u2019\u00e0 24 heures<br \/>\n&#8211; alarme avec limites sup\u00e9rieure et inf\u00e9rieure r\u00e9glables<br \/>\n&#8211; logiciel PC pour transf\u00e9rer les donn\u00e9es en temps r\u00e9el<\/p>\n<p>Fourni avec capteur v\u00e9t\u00e9rinaire, 2 piles AA, c\u00e2ble USB, logiciel pour PC (GB, FR, IT, ES, DE, RU, PL) et mode d\u2019emploi (GB, FR, IT, ES)<\/p>\n","protected":false},"excerpt":{"rendered":"<p>OXYM\u00c8TRE DE POULS V\u00c9T\u00c9RINAIRE OXY-50 &#8211; avec logiciel Oxym\u00e8tre de pouls v\u00e9t\u00e9rinaire de poche avec \u00e9cran couleur pour examen de routine ou surveillance continue. &#8211; \u00e9cran: TFT couleur 1,77&#8243; &#8211; r\u00e9solution: 160&#215;128 &#8211; affichage de la forme d\u2019onde du pouls &#8211; alarme sonore, tonalit\u00e9 du pouls &#8211; enregistrement de donn\u00e9es jusqu\u2019\u00e0 24 heures &#8211; alarme [&hellip;]<\/p>\n","protected":false},"featured_media":34442,"comment_status":"open","ping_status":"closed","template":"","meta":[],"product_brand":[],"product_cat":[166],"product_tag":[],"class_list":{"0":"post-34443","1":"product","2":"type-product","3":"status-publish","4":"has-post-thumbnail","6":"product_cat-equipements-medicaux-et-chirurgicaux","7":"pa_etat-du-materiel-medical-materiel-medical-neuf","9":"first","10":"instock","11":"featured","12":"taxable","13":"shipping-taxable","14":"purchasable","15":"product-type-simple"},"_links":{"self":[{"href":"https:\/\/promatmedical.com\/fr\/wp-json\/wp\/v2\/product\/34443","targetHints":{"allow":["GET"]}}],"collection":[{"href":"https:\/\/promatmedical.com\/fr\/wp-json\/wp\/v2\/product"}],"about":[{"href":"https:\/\/promatmedical.com\/fr\/wp-json\/wp\/v2\/types\/product"}],"replies":[{"embeddable":true,"href":"https:\/\/promatmedical.com\/fr\/wp-json\/wp\/v2\/comments?post=34443"}],"wp:featuredmedia":[{"embeddable":true,"href":"https:\/\/promatmedical.com\/fr\/wp-json\/wp\/v2\/media\/34442"}],"wp:attachment":[{"href":"https:\/\/promatmedical.com\/fr\/wp-json\/wp\/v2\/media?parent=34443"}],"wp:term":[{"taxonomy":"product_brand","embeddable":true,"href":"https:\/\/promatmedical.com\/fr\/wp-json\/wp\/v2\/product_brand?post=34443"},{"taxonomy":"product_cat","embeddable":true,"href":"https:\/\/promatmedical.com\/fr\/wp-json\/wp\/v2\/product_cat?post=34443"},{"taxonomy":"product_tag","embeddable":true,"href":"https:\/\/promatmedical.com\/fr\/wp-json\/wp\/v2\/product_tag?post=34443"}],"curies":[{"name":"wp","href":"https:\/\/api.w.org\/{rel}","templated":true}]}}