{"id":34447,"date":"2025-03-21T14:39:18","date_gmt":"2025-03-21T13:39:18","guid":{"rendered":"https:\/\/promatmedical.com\/bj\/produit\/oxymetre-veterinaire-de-pouls-sp-20\/"},"modified":"2025-11-09T12:44:12","modified_gmt":"2025-11-09T11:44:12","slug":"oxymetre-veterinaire-de-pouls-sp-20","status":"publish","type":"product","link":"https:\/\/promatmedical.com\/fr\/produit\/oxymetre-veterinaire-de-pouls-sp-20\/","title":{"rendered":"Oxym\u00e8tre v\u00e9t\u00e9rinaire de pouls sp-20"},"content":{"rendered":"<p>OXYM\u00c8TRE DE POULS V\u00c9T\u00c9RINAIRE SP-20<\/p>\n<p>L&#8217;oxym\u00e8tre de pouls de poche SP-20 permet de mesurer au m\u00eame temps la SpO2 et la fr\u00e9quence cardiaque, en positionnant le capteur sur la langue, l&#8217;oreille, la patte ou la queue. L&#8217;\u00e9cran TFT \u00e0 couleurs affiche le pl\u00e9thysmogramme, l&#8217;indice de perfusion et le diagramme \u00e0 barres.<\/p>\n<p>&#8211; L\u00e9ger, petit et facile \u00e0 transporter<br \/>\n&#8211; Surveillance continue<br \/>\n&#8211; Jusqu&#8217;\u00e0 500 heures de donn\u00e9es m\u00e9moris\u00e9es sur la SpO2 et la FC<br \/>\n&#8211; Logiciel de gestion des donn\u00e9es pour les analyses<br \/>\n&#8211; Fonction d&#8217;alerte sonore et visuelle<br \/>\n&#8211; \u00c9cran vertical et horizontal<\/p>\n<p>L&#8217;oxym\u00e8tre de pouls SP-20 est livr\u00e9 avec une sonde SpO2 universelle de type \u201cY\u201d et 2 adaptateurs (clip grand et clip petit) pour des mesures diff\u00e9rentes, une housse en caoutchouc orange, un socle de recharge et un mode d&#8217;emploi (GB, IT).<\/p>\n","protected":false},"excerpt":{"rendered":"<p>OXYM\u00c8TRE DE POULS V\u00c9T\u00c9RINAIRE SP-20 L&#8217;oxym\u00e8tre de pouls de poche SP-20 permet de mesurer au m\u00eame temps la SpO2 et la fr\u00e9quence cardiaque, en positionnant le capteur sur la langue, l&#8217;oreille, la patte ou la queue. L&#8217;\u00e9cran TFT \u00e0 couleurs affiche le pl\u00e9thysmogramme, l&#8217;indice de perfusion et le diagramme \u00e0 barres. &#8211; L\u00e9ger, petit et [&hellip;]<\/p>\n","protected":false},"featured_media":34446,"comment_status":"open","ping_status":"closed","template":"","meta":[],"product_brand":[],"product_cat":[166],"product_tag":[],"class_list":{"0":"post-34447","1":"product","2":"type-product","3":"status-publish","4":"has-post-thumbnail","6":"product_cat-equipements-medicaux-et-chirurgicaux","7":"pa_etat-du-materiel-medical-materiel-medical-doccasion","9":"first","10":"instock","11":"featured","12":"taxable","13":"shipping-taxable","14":"purchasable","15":"product-type-simple"},"_links":{"self":[{"href":"https:\/\/promatmedical.com\/fr\/wp-json\/wp\/v2\/product\/34447","targetHints":{"allow":["GET"]}}],"collection":[{"href":"https:\/\/promatmedical.com\/fr\/wp-json\/wp\/v2\/product"}],"about":[{"href":"https:\/\/promatmedical.com\/fr\/wp-json\/wp\/v2\/types\/product"}],"replies":[{"embeddable":true,"href":"https:\/\/promatmedical.com\/fr\/wp-json\/wp\/v2\/comments?post=34447"}],"wp:featuredmedia":[{"embeddable":true,"href":"https:\/\/promatmedical.com\/fr\/wp-json\/wp\/v2\/media\/34446"}],"wp:attachment":[{"href":"https:\/\/promatmedical.com\/fr\/wp-json\/wp\/v2\/media?parent=34447"}],"wp:term":[{"taxonomy":"product_brand","embeddable":true,"href":"https:\/\/promatmedical.com\/fr\/wp-json\/wp\/v2\/product_brand?post=34447"},{"taxonomy":"product_cat","embeddable":true,"href":"https:\/\/promatmedical.com\/fr\/wp-json\/wp\/v2\/product_cat?post=34447"},{"taxonomy":"product_tag","embeddable":true,"href":"https:\/\/promatmedical.com\/fr\/wp-json\/wp\/v2\/product_tag?post=34447"}],"curies":[{"name":"wp","href":"https:\/\/api.w.org\/{rel}","templated":true}]}}