{"id":34453,"date":"2025-03-21T14:40:02","date_gmt":"2025-03-21T13:40:02","guid":{"rendered":"https:\/\/promatmedical.com\/bj\/produit\/tapis-absorbant-pour-animaux-domestiques-60x90-cm\/"},"modified":"2025-12-10T13:27:54","modified_gmt":"2025-12-10T12:27:54","slug":"tapis-absorbant-pour-animaux-domestiques-60x90-cm","status":"publish","type":"product","link":"https:\/\/promatmedical.com\/fr\/produit\/tapis-absorbant-pour-animaux-domestiques-60x90-cm\/","title":{"rendered":"Tapis absorbant pour animaux domestiques 60&#215;90 cm"},"content":{"rendered":"<p>TAPIS ABSORBANT POUR ANIMAUX DOMESTIQUES 60&#215;90 cm &#8211; bo\u00eete de 10<\/p>\n<p>Tapis con\u00e7us pour animaux domestiques, avec polym\u00e8res superabsorbants contenus dans la couche interne de cellulose, pour retenir les fluides et att\u00e9nuer la formation d\u2019odeurs d\u00e9sagr\u00e9ables.<br \/>\nLes pratiques bandes adh\u00e9sives sur le c\u00f4t\u00e9 inf\u00e9rieur du tapis garantissent une fixation forte aux surfaces et \u00e9vitent le d\u00e9placement du tapis.<br \/>\nId\u00e9aux pour les besoins physiologiques ou les pertes involontaires de liquides organiques \u00e0 cause d\u2019incontinence ou autres pathologies.<\/p>\n<p>&#8211; anti-odeurs<br \/>\n&#8211; fibres cellulosiques PEFC<br \/>\n&#8211; feuille inf\u00e9rieure non toxique et imperm\u00e9able<br \/>\n&#8211; hygi\u00e9niques, pratiques et r\u00e9sistants<\/p>\n<p>Composants: fibres cellulosiques PEFC, papier tissu PEFC, couche sup\u00e9rieure en polypropyl\u00e8ne non tiss\u00e9, barri\u00e8re externe en PE.<\/p>\n<p>Made in Italy.<\/p>\n","protected":false},"excerpt":{"rendered":"<p>TAPIS ABSORBANT POUR ANIMAUX DOMESTIQUES 60&#215;90 cm &#8211; bo\u00eete de 10 Tapis con\u00e7us pour animaux domestiques, avec polym\u00e8res superabsorbants contenus dans la couche interne de cellulose, pour retenir les fluides et att\u00e9nuer la formation d\u2019odeurs d\u00e9sagr\u00e9ables. Les pratiques bandes adh\u00e9sives sur le c\u00f4t\u00e9 inf\u00e9rieur du tapis garantissent une fixation forte aux surfaces et \u00e9vitent le [&hellip;]<\/p>\n","protected":false},"featured_media":34452,"comment_status":"open","ping_status":"closed","template":"","meta":[],"product_brand":[],"product_cat":[166],"product_tag":[],"class_list":{"0":"post-34453","1":"product","2":"type-product","3":"status-publish","4":"has-post-thumbnail","6":"product_cat-equipements-medicaux-et-chirurgicaux","7":"pa_etat-du-materiel-medical-materiel-medical-doccasion","9":"first","10":"instock","11":"featured","12":"taxable","13":"shipping-taxable","14":"purchasable","15":"product-type-simple"},"_links":{"self":[{"href":"https:\/\/promatmedical.com\/fr\/wp-json\/wp\/v2\/product\/34453","targetHints":{"allow":["GET"]}}],"collection":[{"href":"https:\/\/promatmedical.com\/fr\/wp-json\/wp\/v2\/product"}],"about":[{"href":"https:\/\/promatmedical.com\/fr\/wp-json\/wp\/v2\/types\/product"}],"replies":[{"embeddable":true,"href":"https:\/\/promatmedical.com\/fr\/wp-json\/wp\/v2\/comments?post=34453"}],"wp:featuredmedia":[{"embeddable":true,"href":"https:\/\/promatmedical.com\/fr\/wp-json\/wp\/v2\/media\/34452"}],"wp:attachment":[{"href":"https:\/\/promatmedical.com\/fr\/wp-json\/wp\/v2\/media?parent=34453"}],"wp:term":[{"taxonomy":"product_brand","embeddable":true,"href":"https:\/\/promatmedical.com\/fr\/wp-json\/wp\/v2\/product_brand?post=34453"},{"taxonomy":"product_cat","embeddable":true,"href":"https:\/\/promatmedical.com\/fr\/wp-json\/wp\/v2\/product_cat?post=34453"},{"taxonomy":"product_tag","embeddable":true,"href":"https:\/\/promatmedical.com\/fr\/wp-json\/wp\/v2\/product_tag?post=34453"}],"curies":[{"name":"wp","href":"https:\/\/api.w.org\/{rel}","templated":true}]}}