{"id":87,"date":"2019-03-30T21:01:30","date_gmt":"2019-03-30T20:01:30","guid":{"rendered":"https:\/\/promatmedical.com\/?post_type=product&#038;p=87"},"modified":"2025-03-19T13:14:09","modified_gmt":"2025-03-19T12:14:09","slug":"moniteur-multiparametrique-compact7","status":"publish","type":"product","link":"https:\/\/promatmedical.com\/fr\/produit\/moniteur-multiparametrique-compact7\/","title":{"rendered":"Moniteur multiparam\u00e9trique CO2 &#8211; Compact 7"},"content":{"rendered":"<h3 class=\"LC20lb DKV0Md\">Moniteur multiparam\u00e9trique CO2 &#8211; Compact 7<\/h3>\n<ul>\n<li>Description<\/li>\n<\/ul>\n<p>&#8211; Mesure Pression sanguine, ECG, Fr\u00e9quence du pouls, Respiration, SpO2, Temp\u00e9rature, IBP (en option), CO2 (en option)<br \/>\n&#8211; Fonction d\u2019alarme pour tous les param\u00e8tres<br \/>\n&#8211; Imprimante incluse (les param\u00e8tres peuvent \u00eatre s\u00e9lectionn\u00e9s)<br \/>\n&#8211; Avec mode entra\u00eenement<br \/>\n&#8211; Affichage jusqu\u2019\u00e0 7 courbes<br \/>\n&#8211; Id\u00e9al pour le transport &#8211; poids d\u2019environ 4,5 kg<br \/>\n&#8211; Accessoires inclus<br \/>\n&#8211; Langues : Bulgare, Tch\u00e8que, Anglais, Fran\u00e7ais, Allemand, Italien, Polonais, Portugais, Roumain, Russe, Espagnol, Turc, Hongrois<\/p>\n<ul>\n<li>Caract\u00e9ristique<\/li>\n<\/ul>\n<table>\n<tbody>\n<tr>\n<th>Param\u00e8tre mesur\u00e9<\/th>\n<td>CO2, de temp\u00e9rature, SpO2, ECG, PI, PNI<\/td>\n<\/tr>\n<tr>\n<th>Applications<\/th>\n<td>de transport, v\u00e9t\u00e9rinaire<\/td>\n<\/tr>\n<tr>\n<th>Configuration<\/th>\n<td>portable<\/td>\n<\/tr>\n<tr>\n<th>Autres caract\u00e9ristiques<\/th>\n<td>avec imprimante int\u00e9gr\u00e9e<\/td>\n<\/tr>\n<tr>\n<th>Taille de l&#8217;\u00e9cran<\/th>\n<td>10,4 in<\/td>\n<\/tr>\n<\/tbody>\n<\/table>\n","protected":false},"excerpt":{"rendered":"<ul class=\"ul-style check\">\n<li>SpO2<\/li>\n<li>ECG<\/li>\n<li>Temp\u00e9rature<\/li>\n<\/ul>\n","protected":false},"featured_media":17658,"comment_status":"open","ping_status":"closed","template":"","meta":[],"product_brand":[],"product_cat":[147,137,53,90,152,83],"product_tag":[132],"class_list":{"0":"post-87","1":"product","2":"type-product","3":"status-publish","4":"has-post-thumbnail","6":"product_cat-bloc-operatoire","7":"product_cat-diagnostic-specialises","8":"product_cat-equipement-de-specialites","9":"product_cat-materiel-de-diagnostic-medical","10":"product_cat-surveillance-et-reanimation","11":"product_cat-urgences-secours","12":"product_tag-appareil-medicaux","13":"ts_product_brand-medical-econet","15":"first","16":"onbackorder","17":"sale","18":"shipping-taxable","19":"purchasable","20":"product-type-simple"},"_links":{"self":[{"href":"https:\/\/promatmedical.com\/fr\/wp-json\/wp\/v2\/product\/87","targetHints":{"allow":["GET"]}}],"collection":[{"href":"https:\/\/promatmedical.com\/fr\/wp-json\/wp\/v2\/product"}],"about":[{"href":"https:\/\/promatmedical.com\/fr\/wp-json\/wp\/v2\/types\/product"}],"replies":[{"embeddable":true,"href":"https:\/\/promatmedical.com\/fr\/wp-json\/wp\/v2\/comments?post=87"}],"wp:featuredmedia":[{"embeddable":true,"href":"https:\/\/promatmedical.com\/fr\/wp-json\/wp\/v2\/media\/17658"}],"wp:attachment":[{"href":"https:\/\/promatmedical.com\/fr\/wp-json\/wp\/v2\/media?parent=87"}],"wp:term":[{"taxonomy":"product_brand","embeddable":true,"href":"https:\/\/promatmedical.com\/fr\/wp-json\/wp\/v2\/product_brand?post=87"},{"taxonomy":"product_cat","embeddable":true,"href":"https:\/\/promatmedical.com\/fr\/wp-json\/wp\/v2\/product_cat?post=87"},{"taxonomy":"product_tag","embeddable":true,"href":"https:\/\/promatmedical.com\/fr\/wp-json\/wp\/v2\/product_tag?post=87"}],"curies":[{"name":"wp","href":"https:\/\/api.w.org\/{rel}","templated":true}]}}